{"id":3,"date":"2021-08-22T10:41:42","date_gmt":"2021-08-22T10:41:42","guid":{"rendered":"https:\/\/bergfinkli.ch\/?page_id=3"},"modified":"2021-10-09T17:36:28","modified_gmt":"2021-10-09T17:36:28","slug":"privacy-policy","status":"publish","type":"page","link":"https:\/\/bergfinkli.ch\/index.php\/privacy-policy\/","title":{"rendered":"Privacy Policy"},"content":{"rendered":"\n<p><strong>Impressum<\/strong><\/p>\n\n\n\n<figure class=\"wp-block-table is-style-stripes\"><table><tbody><tr><td>Vereinsname:<\/td><td>Jodlerklub Bergfinkli Grabs<\/td><\/tr><tr><td>Pr\u00e4sident:<\/td><td>Thomas Vetsch<\/td><\/tr><tr><td>Anschrift:<\/td><td>Feldhofgasse 13<br>9472 Grabs SG<\/td><\/tr><tr><td>Telefon:<\/td><td>+41 (77) 420 90 14<\/td><\/tr><tr><td>Email:<\/td><td>thomas.vetsch@hotmail.com<\/td><\/tr><tr><td>Webmaster:<\/td><td>conny.gosetti@gmail.com<\/td><\/tr><\/tbody><\/table><\/figure>\n\n\n\n<p><strong>Datenschutzerkl\u00e4rung<\/strong><\/p>\n\n\n\n<p>Wir freuen uns \u00fcber Ihr Interesse an unserer Website. F\u00fcr externe Links zu fremden Inhalten k\u00f6nnen wir dabei trotz sorgf\u00e4ltiger inhaltlicher Kontrolle keine Haftung \u00fcbernehmen. Der Schutz Ihrer personenbezogenen Daten bei der Erhebung, Verarbeitung und Nutzung anl\u00e4sslich Ihres Besuchs auf unserer&nbsp;Website ist uns ein wichtiges Anliegen. Ihre Daten werden im Rahmen der gesetzlichen Vorschriften gesch\u00fctzt. Nachfolgend finden Sie Informationen, welche Daten w\u00e4hrend Ihres Besuchs auf der&nbsp;Website erfasst und wie diese genutzt werden:<\/p>\n\n\n\n<p>1. Erhebung und Verarbeitung von Daten<\/p>\n\n\n\n<p>Jeder Zugriff auf unsere&nbsp;Website und jeder Abruf einer auf der&nbsp;Website hinterlegten Datei werden protokolliert. Die Speicherung dient internen systembezogenen und statistischen Zwecken. Protokolliert werden: Name der abgerufenen Datei, Datum und Uhrzeit des Abrufs, \u00fcbertragene Datenmenge, Meldung \u00fcber erfolgreichen Abruf, Webbrowser und anfragende Domain. Zus\u00e4tzlich werden die IP Adressen der anfragenden Rechner protokolliert. Weitergehende personenbezogene Daten werden nur erfasst, wenn Sie diese Angaben freiwillig, etwa im Rahmen einer Anfrage oder Registrierung, machen.<\/p>\n\n\n\n<p>2. Nutzung und Weitergabe personenbezogener Daten<\/p>\n\n\n\n<p>Soweit Sie uns personenbezogene Daten zur Verf\u00fcgung gestellt haben, verwenden wir diese nur zur Beantwortung Ihrer Anfragen, zur Abwicklung mit Ihnen geschlossener Vertr\u00e4ge und f\u00fcr die technische Administration. Ihre personenbezogenen Daten werden an Dritte nur weitergegeben oder sonst \u00fcbermittelt, wenn dies zum Zwecke der Vertragsabwicklung &#8211; insbesondere Weitergabe von Bestelldaten an Lieferanten &#8211; erforderlich ist, dies zu Abrechnungszwecken erforderlich ist oder Sie zuvor eingewilligt haben. Sie haben das Recht, eine erteilte Einwilligung mit Wirkung f\u00fcr die Zukunft jederzeit zu widerrufen. Die L\u00f6schung der gespeicherten personenbezogenen Daten erfolgt, wenn Sie Ihre Einwilligung zur Speicherung widerrufen, wenn ihre Kenntnis zur Erf\u00fcllung des mit der Speicherung verfolgten Zwecks nicht mehr erforderlich ist oder wenn ihre Speicherung aus sonstigen gesetzlichen Gr\u00fcnden unzul\u00e4ssig ist.<\/p>\n\n\n\n<p>3. Auskunftsrecht<\/p>\n\n\n\n<p>Auf schriftliche Anfrage werden wir Sie gern \u00fcber die zu Ihrer Person gespeicherten Daten informieren. Sicherheitshinweis: Wir sind bem\u00fcht, Ihre personenbezogenen Daten durch Ergreifung aller technischen und organisatorischen M\u00f6glichkeiten so zu speichern, dass sie f\u00fcr Dritte nicht zug\u00e4nglich sind. Bei der Kommunikation per E Mail kann die vollst\u00e4ndige Datensicherheit von uns nicht gew\u00e4hrleistet werden, so dass wir Ihnen bei vertraulichen Informationen den Postweg empfehlen.<br>&nbsp;<\/p>\n\n\n\n<p><strong>Cookies<\/strong><\/p>\n\n\n\n<p>Bei Internet-Cookies handelt es sich um kleine Datenpakete, die von Ihrem Browser auf dem Festplattenlaufwerk Ihres Computers gespeichert werden. Wir verwenden auf unserer Website Cookies. Solche Cookies sind notwendig, damit Sie sich auf der Website frei bewegen und deren Features nutzen k\u00f6nnen; hierzu geh\u00f6rt u. a. auch der Zugriff auf gesicherte Bereiche der Website. Durch Cookies k\u00f6nnen wir nachvollziehen, wer die Seite(n) besucht hat, und hieraus ableiten, wie h\u00e4ufig bestimmte Seiten besucht werden, welche Teile der Site sich besonderer Beliebtheit erfreuen. Session-Cookies speichern Informationen \u00fcber Ihre Aktivit\u00e4ten auf unserer Website.<br><br>Diese Website wurde mit dem Worldsoft-CMS erstellt. Das Worldsoft-CMS verwendet die nachfolgend aufgelisteten Cookies \u2013 je nach den eingesetzten Modulen:<\/p>\n\n\n\n<div class=\"wp-block-group\"><div class=\"wp-block-group__inner-container is-layout-flow wp-block-group-is-layout-flow\">\n<div class=\"wp-block-columns is-layout-flex wp-container-core-columns-is-layout-9d6595d7 wp-block-columns-is-layout-flex\">\n<div class=\"wp-block-column is-layout-flow wp-block-column-is-layout-flow\" style=\"flex-basis:100%\">\n<div class=\"wp-block-group\"><div class=\"wp-block-group__inner-container is-layout-flow wp-block-group-is-layout-flow\">\n<figure class=\"wp-block-table is-style-stripes\"><table><tbody><tr><td><strong>Name &nbsp; &nbsp; &nbsp;&nbsp;<\/strong><\/td><td><strong>Persistenz&nbsp;<\/strong><\/td><td><strong>&nbsp;Beschreibung &nbsp;<\/strong><\/td><td><strong>Quelle der Cookies<\/strong><\/td><\/tr><tr><td>Usercookie &nbsp; &nbsp;<\/td><td>365 Tage &nbsp;&nbsp;<\/td><td>Angemeldeter User &nbsp;<\/td><td>Erstanbieter<\/td><\/tr><tr><td>session_name&nbsp;<\/td><td>15 Min.&nbsp;<\/td><td>Session &nbsp;&nbsp;<\/td><td>Erstanbieter<\/td><\/tr><tr><td>wslanguage &nbsp;<\/td><td>15 Min. &nbsp;<\/td><td>Gew\u00e4hlte Sprache&nbsp;<\/td><td>Erstanbieter<\/td><\/tr><tr><td>install_language&nbsp;<\/td><td>15 Min.&nbsp;<\/td><td>Sprache der CMS-Installation&nbsp;<\/td><td>Erstanbieter<\/td><\/tr><tr><td>ws_delayedPopup_*&nbsp;<\/td><td>1825 Tage &nbsp;&nbsp;<\/td><td>Delayed Popup nur einmal zeigen &nbsp;<\/td><td>Erstanbieter<\/td><\/tr><\/tbody><\/table><\/figure>\n<\/div><\/div>\n<\/div>\n<\/div>\n<\/div><\/div>\n\n\n\n<p>Wenn Sie diese\u00a0Website verlassen, beispielsweise \u00fcber das Anklicken unserer externen Links, und auf fremde Seiten gelangen, werden von Adressaten der angeklickten Zielseite ggf. so genannte Cookies gesetzt. F\u00fcr diese sind wir rechtlich nicht\u00a0verantwortlich. Zu der Benutzung solcher Cookies und der darauf gespeicherten Informationen vergleichen Sie bitte die Datenschutzerkl\u00e4rungen der verlinkten Anbieter.\u00a0<\/p>\n","protected":false},"excerpt":{"rendered":"<p>Impressum Vereinsname: Jodlerklub Bergfinkli Grabs Pr\u00e4sident: Thomas Vetsch Anschrift: Feldhofgasse 139472 Grabs SG Telefon: +41 (77) 420 90 14 Email: thomas.vetsch@hotmail.com Webmaster: conny.gosetti@gmail.com Datenschutzerkl\u00e4rung Wir freuen uns \u00fcber Ihr Interesse an unserer Website. F\u00fcr externe Links zu fremden Inhalten k\u00f6nnen wir dabei trotz sorgf\u00e4ltiger inhaltlicher Kontrolle keine Haftung \u00fcbernehmen. Der Schutz Ihrer personenbezogenen Daten bei &hellip; <\/p>\n<p class=\"link-more\"><a href=\"https:\/\/bergfinkli.ch\/index.php\/privacy-policy\/\" class=\"more-link\"><span class=\"screen-reader-text\">\u201ePrivacy Policy\u201c <\/span>weiterlesen<\/a><\/p>\n","protected":false},"author":1,"featured_media":0,"parent":0,"menu_order":0,"comment_status":"closed","ping_status":"open","template":"","meta":{"footnotes":""},"class_list":["post-3","page","type-page","status-publish","hentry"],"_links":{"self":[{"href":"https:\/\/bergfinkli.ch\/index.php\/wp-json\/wp\/v2\/pages\/3","targetHints":{"allow":["GET"]}}],"collection":[{"href":"https:\/\/bergfinkli.ch\/index.php\/wp-json\/wp\/v2\/pages"}],"about":[{"href":"https:\/\/bergfinkli.ch\/index.php\/wp-json\/wp\/v2\/types\/page"}],"author":[{"embeddable":true,"href":"https:\/\/bergfinkli.ch\/index.php\/wp-json\/wp\/v2\/users\/1"}],"replies":[{"embeddable":true,"href":"https:\/\/bergfinkli.ch\/index.php\/wp-json\/wp\/v2\/comments?post=3"}],"version-history":[{"count":4,"href":"https:\/\/bergfinkli.ch\/index.php\/wp-json\/wp\/v2\/pages\/3\/revisions"}],"predecessor-version":[{"id":236,"href":"https:\/\/bergfinkli.ch\/index.php\/wp-json\/wp\/v2\/pages\/3\/revisions\/236"}],"wp:attachment":[{"href":"https:\/\/bergfinkli.ch\/index.php\/wp-json\/wp\/v2\/media?parent=3"}],"curies":[{"name":"wp","href":"https:\/\/api.w.org\/{rel}","templated":true}]}}